{"id":1290,"date":"2022-10-31T08:11:52","date_gmt":"2022-10-31T07:11:52","guid":{"rendered":"http:\/\/www.mt.rub.de\/lehre\/"},"modified":"2025-10-24T19:22:53","modified_gmt":"2025-10-24T17:22:53","slug":"courses","status":"publish","type":"page","link":"https:\/\/www.mt.rub.de\/de\/courses\/","title":{"rendered":"Lehre"},"content":{"rendered":"<p>[et_pb_section fb_built=&#8220;1&#8243; _builder_version=&#8220;4.19.1&#8243; _module_preset=&#8220;default&#8220; global_colors_info=&#8220;{}&#8220;][et_pb_row make_equal=&#8220;on&#8220; _builder_version=&#8220;4.19.0&#8243; _module_preset=&#8220;default&#8220; global_colors_info=&#8220;{}&#8220;][et_pb_column type=&#8220;4_4&#8243; _builder_version=&#8220;4.19.0&#8243; _module_preset=&#8220;default&#8220; global_colors_info=&#8220;{}&#8220;][et_pb_text admin_label=&#8220;\u00dcberschrift Vorlesungsabschnitt&#8220; _builder_version=&#8220;4.19.0&#8243; _module_preset=&#8220;default&#8220; global_colors_info=&#8220;{}&#8220;]<\/p>\n<h2>Lehre<\/h2>\n<p>[\/et_pb_text][et_pb_de_mach_archive_loop post_type_choose=&#8220;courses&#8220; loop_layout=&#8220;3350&#8243; posts_number=&#8220;100&#8243; sort_order=&#8220;acf_field&#8220; acf_sort_field=&#8220;field_63879825fdb6f&#8220; link_whole_gird=&#8220;on&#8220; equal_height=&#8220;on&#8220; columns=&#8220;3&#8243; admin_label=&#8220;Vorlesungen Archive Loop &#8211; Divi Machine&#8220; _builder_version=&#8220;4.27.4&#8243; _module_preset=&#8220;default&#8220; hover_enabled=&#8220;0&#8243; custom_css_main_element=&#8220;grid-auto-rows: 1fr;||&#8220; global_colors_info=&#8220;{}&#8220; sticky_enabled=&#8220;0&#8243;][\/et_pb_de_mach_archive_loop][\/et_pb_column][\/et_pb_row][et_pb_row disabled_on=&#8220;on|on|on&#8220; _builder_version=&#8220;4.19.0&#8243; _module_preset=&#8220;default&#8220; disabled=&#8220;on&#8220; global_colors_info=&#8220;{}&#8220;][et_pb_column type=&#8220;4_4&#8243; _builder_version=&#8220;4.18.1&#8243; _module_preset=&#8220;default&#8220; global_colors_info=&#8220;{}&#8220;][et_pb_text _builder_version=&#8220;4.19.0&#8243; _module_preset=&#8220;default&#8220; global_colors_info=&#8220;{}&#8220;]Nachfolgend finden Sie unsere Lehrveranstaltungen aus dem elektronischen Vorlesungsverzeichnis der RUB:<br \/>\n[\/et_pb_text][et_pb_code _builder_version=&#8220;4.18.1&#8243; _module_preset=&#8220;default&#8220; global_colors_info=&#8220;{}&#8220;]<iframe loading=\"lazy\" class=\"right\" style=\"position: relative; top: 5px; bottom: 0px;\" src=\"https:\/\/slapps4.ruhr-uni-bochum.de\/ivvz_webservice\/getdata.cfc?method=page&#038;type=courselist&#038;dt=3&#038;co=1&#038;ct=2&#038;do=e&#038;fi=31&#038;fo=0&#038;hl=0&#038;jt=0&#038;la=de&#038;ls=0&#038;lv=1&#038;sz=m&#038;unit=0xAB9D8BFBEBA9BE4B884E2E107B6AE3C8\" width=\"100%\" height=\"550\" frameborder=\"0\" allowfullscreen=\"allowfullscreen\"><\/iframe>[\/et_pb_code][\/et_pb_column][\/et_pb_row][\/et_pb_section]<\/p>\n","protected":false},"excerpt":{"rendered":"<p>Lehre Nachfolgend finden Sie unsere Lehrveranstaltungen aus dem elektronischen Vorlesungsverzeichnis der RUB:<\/p>\n","protected":false},"author":1,"featured_media":0,"parent":0,"menu_order":0,"comment_status":"closed","ping_status":"closed","template":"","meta":{"_acf_changed":false,"_et_pb_use_builder":"on","_et_pb_old_content":"","_et_gb_content_width":"","footnotes":""},"class_list":["post-1290","page","type-page","status-publish","hentry"],"acf":[],"yoast_head":"<!-- This site is optimized with the Yoast SEO plugin v27.5 - https:\/\/yoast.com\/product\/yoast-seo-wordpress\/ -->\n<title>Lehre - Lehrstuhl f\u00fcr Medizintechnik<\/title>\n<meta name=\"robots\" content=\"index, follow, max-snippet:-1, max-image-preview:large, max-video-preview:-1\" \/>\n<link rel=\"canonical\" href=\"https:\/\/www.mt.rub.de\/de\/courses\/\" \/>\n<meta property=\"og:locale\" content=\"de_DE\" \/>\n<meta property=\"og:type\" content=\"article\" \/>\n<meta property=\"og:title\" content=\"Lehre - Lehrstuhl f\u00fcr Medizintechnik\" \/>\n<meta property=\"og:description\" content=\"Lehre Nachfolgend finden Sie unsere Lehrveranstaltungen aus dem elektronischen Vorlesungsverzeichnis der RUB:\" \/>\n<meta property=\"og:site_name\" content=\"Lehrstuhl f\u00fcr Medizintechnik\" \/>\n<meta property=\"article:modified_time\" content=\"2025-10-24T17:22:53+00:00\" \/>\n<meta name=\"twitter:card\" content=\"summary_large_image\" \/>\n<meta name=\"twitter:label1\" content=\"Gesch\u00e4tzte Lesezeit\" \/>\n\t<meta name=\"twitter:data1\" content=\"3\u00a0Minuten\" \/>\n<script type=\"application\/ld+json\" class=\"yoast-schema-graph\">{\"@context\":\"https:\\\/\\\/schema.org\",\"@graph\":[{\"@type\":\"WebPage\",\"@id\":\"https:\\\/\\\/www.mt.rub.de\\\/de\\\/courses\\\/\",\"url\":\"https:\\\/\\\/www.mt.rub.de\\\/de\\\/courses\\\/\",\"name\":\"Lehre - Lehrstuhl f\u00fcr Medizintechnik\",\"isPartOf\":{\"@id\":\"\\\/#website\"},\"datePublished\":\"2022-10-31T07:11:52+00:00\",\"dateModified\":\"2025-10-24T17:22:53+00:00\",\"breadcrumb\":{\"@id\":\"https:\\\/\\\/www.mt.rub.de\\\/de\\\/courses\\\/#breadcrumb\"},\"inLanguage\":\"de\",\"potentialAction\":[{\"@type\":\"ReadAction\",\"target\":[\"https:\\\/\\\/www.mt.rub.de\\\/de\\\/courses\\\/\"]}]},{\"@type\":\"BreadcrumbList\",\"@id\":\"https:\\\/\\\/www.mt.rub.de\\\/de\\\/courses\\\/#breadcrumb\",\"itemListElement\":[{\"@type\":\"ListItem\",\"position\":1,\"name\":\"Home\",\"item\":\"https:\\\/\\\/www.mt.rub.de\\\/de\\\/643-2\\\/\"},{\"@type\":\"ListItem\",\"position\":2,\"name\":\"Lehre\"}]},{\"@type\":\"WebSite\",\"@id\":\"\\\/#website\",\"url\":\"\\\/\",\"name\":\"Lehrstuhl f\u00fcr Medizintechnik\",\"description\":\"Die Internetpr\u00e4senz des Lehrstuhls f\u00fcr Medizintechnik\",\"publisher\":{\"@id\":\"\\\/#organization\"},\"potentialAction\":[{\"@type\":\"SearchAction\",\"target\":{\"@type\":\"EntryPoint\",\"urlTemplate\":\"\\\/?s={search_term_string}\"},\"query-input\":{\"@type\":\"PropertyValueSpecification\",\"valueRequired\":true,\"valueName\":\"search_term_string\"}}],\"inLanguage\":\"de\"},{\"@type\":\"Organization\",\"@id\":\"\\\/#organization\",\"name\":\"Chair for Medical Engineering\",\"url\":\"\\\/\",\"logo\":{\"@type\":\"ImageObject\",\"inLanguage\":\"de\",\"@id\":\"\\\/#\\\/schema\\\/logo\\\/image\\\/\",\"url\":\"https:\\\/\\\/www.mt.rub.de\\\/wp-content\\\/uploads\\\/logos\\\/cropped-logo_mt.png\",\"contentUrl\":\"https:\\\/\\\/www.mt.rub.de\\\/wp-content\\\/uploads\\\/logos\\\/cropped-logo_mt.png\",\"width\":512,\"height\":512,\"caption\":\"Chair for Medical Engineering\"},\"image\":{\"@id\":\"\\\/#\\\/schema\\\/logo\\\/image\\\/\"}}]}<\/script>\n<!-- \/ Yoast SEO plugin. -->","yoast_head_json":{"title":"Lehre - Lehrstuhl f\u00fcr Medizintechnik","robots":{"index":"index","follow":"follow","max-snippet":"max-snippet:-1","max-image-preview":"max-image-preview:large","max-video-preview":"max-video-preview:-1"},"canonical":"https:\/\/www.mt.rub.de\/de\/courses\/","og_locale":"de_DE","og_type":"article","og_title":"Lehre - Lehrstuhl f\u00fcr Medizintechnik","og_description":"Lehre Nachfolgend finden Sie unsere Lehrveranstaltungen aus dem elektronischen Vorlesungsverzeichnis der RUB:","og_site_name":"Lehrstuhl f\u00fcr Medizintechnik","article_modified_time":"2025-10-24T17:22:53+00:00","twitter_card":"summary_large_image","twitter_misc":{"Gesch\u00e4tzte Lesezeit":"3\u00a0Minuten"},"schema":{"@context":"https:\/\/schema.org","@graph":[{"@type":"WebPage","@id":"https:\/\/www.mt.rub.de\/de\/courses\/","url":"https:\/\/www.mt.rub.de\/de\/courses\/","name":"Lehre - Lehrstuhl f\u00fcr Medizintechnik","isPartOf":{"@id":"\/#website"},"datePublished":"2022-10-31T07:11:52+00:00","dateModified":"2025-10-24T17:22:53+00:00","breadcrumb":{"@id":"https:\/\/www.mt.rub.de\/de\/courses\/#breadcrumb"},"inLanguage":"de","potentialAction":[{"@type":"ReadAction","target":["https:\/\/www.mt.rub.de\/de\/courses\/"]}]},{"@type":"BreadcrumbList","@id":"https:\/\/www.mt.rub.de\/de\/courses\/#breadcrumb","itemListElement":[{"@type":"ListItem","position":1,"name":"Home","item":"https:\/\/www.mt.rub.de\/de\/643-2\/"},{"@type":"ListItem","position":2,"name":"Lehre"}]},{"@type":"WebSite","@id":"\/#website","url":"\/","name":"Lehrstuhl f\u00fcr Medizintechnik","description":"Die Internetpr\u00e4senz des Lehrstuhls f\u00fcr Medizintechnik","publisher":{"@id":"\/#organization"},"potentialAction":[{"@type":"SearchAction","target":{"@type":"EntryPoint","urlTemplate":"\/?s={search_term_string}"},"query-input":{"@type":"PropertyValueSpecification","valueRequired":true,"valueName":"search_term_string"}}],"inLanguage":"de"},{"@type":"Organization","@id":"\/#organization","name":"Chair for Medical Engineering","url":"\/","logo":{"@type":"ImageObject","inLanguage":"de","@id":"\/#\/schema\/logo\/image\/","url":"https:\/\/www.mt.rub.de\/wp-content\/uploads\/logos\/cropped-logo_mt.png","contentUrl":"https:\/\/www.mt.rub.de\/wp-content\/uploads\/logos\/cropped-logo_mt.png","width":512,"height":512,"caption":"Chair for Medical Engineering"},"image":{"@id":"\/#\/schema\/logo\/image\/"}}]}},"_links":{"self":[{"href":"https:\/\/www.mt.rub.de\/de\/wp-json\/wp\/v2\/pages\/1290","targetHints":{"allow":["GET"]}}],"collection":[{"href":"https:\/\/www.mt.rub.de\/de\/wp-json\/wp\/v2\/pages"}],"about":[{"href":"https:\/\/www.mt.rub.de\/de\/wp-json\/wp\/v2\/types\/page"}],"author":[{"embeddable":true,"href":"https:\/\/www.mt.rub.de\/de\/wp-json\/wp\/v2\/users\/1"}],"replies":[{"embeddable":true,"href":"https:\/\/www.mt.rub.de\/de\/wp-json\/wp\/v2\/comments?post=1290"}],"version-history":[{"count":108,"href":"https:\/\/www.mt.rub.de\/de\/wp-json\/wp\/v2\/pages\/1290\/revisions"}],"predecessor-version":[{"id":8775,"href":"https:\/\/www.mt.rub.de\/de\/wp-json\/wp\/v2\/pages\/1290\/revisions\/8775"}],"wp:attachment":[{"href":"https:\/\/www.mt.rub.de\/de\/wp-json\/wp\/v2\/media?parent=1290"}],"curies":[{"name":"wp","href":"https:\/\/api.w.org\/{rel}","templated":true}]}}