{"id":3415,"date":"2022-11-25T23:45:10","date_gmt":"2022-11-25T22:45:10","guid":{"rendered":"http:\/\/www.mt.rub.de\/auto-draft\/"},"modified":"2025-11-05T12:21:01","modified_gmt":"2025-11-05T11:21:01","slug":"forschung","status":"publish","type":"page","link":"https:\/\/www.mt.rub.de\/de\/forschung\/","title":{"rendered":"Forschung"},"content":{"rendered":"<p>[et_pb_section fb_built=&#8220;1&#8243; _builder_version=&#8220;4.19.1&#8243; _module_preset=&#8220;default&#8220; global_colors_info=&#8220;{}&#8220;][et_pb_row make_equal=&#8220;on&#8220; _builder_version=&#8220;4.19.0&#8243; _module_preset=&#8220;default&#8220; global_colors_info=&#8220;{}&#8220;][et_pb_column type=&#8220;4_4&#8243; _builder_version=&#8220;4.19.0&#8243; _module_preset=&#8220;default&#8220; global_colors_info=&#8220;{}&#8220;][et_pb_text admin_label=&#8220;\u00dcberschrift Projekte&#8220; module_id=&#8220;Projects&#8220; _builder_version=&#8220;4.19.4&#8243; _module_preset=&#8220;default&#8220; global_colors_info=&#8220;{}&#8220;]<\/p>\n<h2>Aktuelle Projekte<\/h2>\n<p>[\/et_pb_text][et_pb_de_mach_archive_loop post_type_choose=&#8220;research-project&#8220; loop_layout=&#8220;4685&#8243; link_whole_gird=&#8220;on&#8220; equal_height=&#8220;on&#8220; columns=&#8220;3&#8243; admin_label=&#8220;Projekte Archive Loop &#8211; Divi Machine&#8220; _builder_version=&#8220;4.27.4&#8243; _module_preset=&#8220;default&#8220; custom_css_main_element=&#8220;grid-auto-rows: 1fr;||&#8220; global_colors_info=&#8220;{}&#8220;][\/et_pb_de_mach_archive_loop][\/et_pb_column][\/et_pb_row][et_pb_row _builder_version=&#8220;4.19.4&#8243; _module_preset=&#8220;default&#8220; global_colors_info=&#8220;{}&#8220;][et_pb_column type=&#8220;4_4&#8243; _builder_version=&#8220;4.19.4&#8243; _module_preset=&#8220;default&#8220; global_colors_info=&#8220;{}&#8220;][et_pb_text admin_label=&#8220;\u00dcberschrift Publikationen&#8220; module_id=&#8220;Publications&#8220; _builder_version=&#8220;4.19.4&#8243; _module_preset=&#8220;default&#8220; locked=&#8220;off&#8220; global_colors_info=&#8220;{}&#8220;]<\/p>\n<h2>Ver\u00f6ffentlichungen<\/h2>\n<p>[\/et_pb_text][et_pb_code _builder_version=&#8220;4.27.4&#8243; _module_preset=&#8220;default&#8220; hover_enabled=&#8220;0&#8243; global_colors_info=&#8220;{}&#8220; sticky_enabled=&#8220;0&#8243;]<\/p>\n<div data-ub-widget-id=\"368fb1dc-571a-4224-b598-25097d0c7dbe\"><\/div>\n<p><!-- [et_pb_line_break_holder] --><script src=\"\/wp-content\/themes\/MT%20Divi%20child\/js\/publig.js\"><\/script>[\/et_pb_code][\/et_pb_column][\/et_pb_row][\/et_pb_section]<\/p>\n","protected":false},"excerpt":{"rendered":"<p>Aktuelle ProjekteVer\u00f6ffentlichungen<\/p>\n","protected":false},"author":1,"featured_media":0,"parent":0,"menu_order":0,"comment_status":"closed","ping_status":"closed","template":"","meta":{"_acf_changed":false,"_et_pb_use_builder":"on","_et_pb_old_content":"","_et_gb_content_width":"","footnotes":""},"class_list":["post-3415","page","type-page","status-publish","hentry"],"acf":[],"yoast_head":"<!-- This site is optimized with the Yoast SEO plugin v27.5 - https:\/\/yoast.com\/product\/yoast-seo-wordpress\/ -->\n<title>Forschung - Lehrstuhl f\u00fcr Medizintechnik<\/title>\n<meta name=\"robots\" content=\"index, follow, max-snippet:-1, max-image-preview:large, max-video-preview:-1\" \/>\n<link rel=\"canonical\" href=\"https:\/\/www.mt.rub.de\/de\/forschung\/\" \/>\n<meta property=\"og:locale\" content=\"de_DE\" \/>\n<meta property=\"og:type\" content=\"article\" \/>\n<meta property=\"og:title\" content=\"Forschung - Lehrstuhl f\u00fcr Medizintechnik\" \/>\n<meta property=\"og:description\" content=\"Aktuelle ProjekteVer\u00f6ffentlichungen\" \/>\n<meta property=\"og:site_name\" content=\"Lehrstuhl f\u00fcr Medizintechnik\" \/>\n<meta property=\"article:modified_time\" content=\"2025-11-05T11:21:01+00:00\" \/>\n<meta name=\"twitter:card\" content=\"summary_large_image\" \/>\n<meta name=\"twitter:label1\" content=\"Gesch\u00e4tzte Lesezeit\" \/>\n\t<meta name=\"twitter:data1\" content=\"1\u00a0Minute\" \/>\n<script type=\"application\/ld+json\" class=\"yoast-schema-graph\">{\"@context\":\"https:\\\/\\\/schema.org\",\"@graph\":[{\"@type\":\"WebPage\",\"@id\":\"https:\\\/\\\/www.mt.rub.de\\\/de\\\/forschung\\\/\",\"url\":\"https:\\\/\\\/www.mt.rub.de\\\/de\\\/forschung\\\/\",\"name\":\"Forschung - Lehrstuhl f\u00fcr Medizintechnik\",\"isPartOf\":{\"@id\":\"\\\/#website\"},\"datePublished\":\"2022-11-25T22:45:10+00:00\",\"dateModified\":\"2025-11-05T11:21:01+00:00\",\"breadcrumb\":{\"@id\":\"https:\\\/\\\/www.mt.rub.de\\\/de\\\/forschung\\\/#breadcrumb\"},\"inLanguage\":\"de\",\"potentialAction\":[{\"@type\":\"ReadAction\",\"target\":[\"https:\\\/\\\/www.mt.rub.de\\\/de\\\/forschung\\\/\"]}]},{\"@type\":\"BreadcrumbList\",\"@id\":\"https:\\\/\\\/www.mt.rub.de\\\/de\\\/forschung\\\/#breadcrumb\",\"itemListElement\":[{\"@type\":\"ListItem\",\"position\":1,\"name\":\"Home\",\"item\":\"https:\\\/\\\/www.mt.rub.de\\\/de\\\/643-2\\\/\"},{\"@type\":\"ListItem\",\"position\":2,\"name\":\"Forschung\"}]},{\"@type\":\"WebSite\",\"@id\":\"\\\/#website\",\"url\":\"\\\/\",\"name\":\"Lehrstuhl f\u00fcr Medizintechnik\",\"description\":\"Die Internetpr\u00e4senz des Lehrstuhls f\u00fcr Medizintechnik\",\"publisher\":{\"@id\":\"\\\/#organization\"},\"potentialAction\":[{\"@type\":\"SearchAction\",\"target\":{\"@type\":\"EntryPoint\",\"urlTemplate\":\"\\\/?s={search_term_string}\"},\"query-input\":{\"@type\":\"PropertyValueSpecification\",\"valueRequired\":true,\"valueName\":\"search_term_string\"}}],\"inLanguage\":\"de\"},{\"@type\":\"Organization\",\"@id\":\"\\\/#organization\",\"name\":\"Chair for Medical Engineering\",\"url\":\"\\\/\",\"logo\":{\"@type\":\"ImageObject\",\"inLanguage\":\"de\",\"@id\":\"\\\/#\\\/schema\\\/logo\\\/image\\\/\",\"url\":\"https:\\\/\\\/www.mt.rub.de\\\/wp-content\\\/uploads\\\/logos\\\/cropped-logo_mt.png\",\"contentUrl\":\"https:\\\/\\\/www.mt.rub.de\\\/wp-content\\\/uploads\\\/logos\\\/cropped-logo_mt.png\",\"width\":512,\"height\":512,\"caption\":\"Chair for Medical Engineering\"},\"image\":{\"@id\":\"\\\/#\\\/schema\\\/logo\\\/image\\\/\"}}]}<\/script>\n<!-- \/ Yoast SEO plugin. -->","yoast_head_json":{"title":"Forschung - Lehrstuhl f\u00fcr Medizintechnik","robots":{"index":"index","follow":"follow","max-snippet":"max-snippet:-1","max-image-preview":"max-image-preview:large","max-video-preview":"max-video-preview:-1"},"canonical":"https:\/\/www.mt.rub.de\/de\/forschung\/","og_locale":"de_DE","og_type":"article","og_title":"Forschung - Lehrstuhl f\u00fcr Medizintechnik","og_description":"Aktuelle ProjekteVer\u00f6ffentlichungen","og_site_name":"Lehrstuhl f\u00fcr Medizintechnik","article_modified_time":"2025-11-05T11:21:01+00:00","twitter_card":"summary_large_image","twitter_misc":{"Gesch\u00e4tzte Lesezeit":"1\u00a0Minute"},"schema":{"@context":"https:\/\/schema.org","@graph":[{"@type":"WebPage","@id":"https:\/\/www.mt.rub.de\/de\/forschung\/","url":"https:\/\/www.mt.rub.de\/de\/forschung\/","name":"Forschung - Lehrstuhl f\u00fcr Medizintechnik","isPartOf":{"@id":"\/#website"},"datePublished":"2022-11-25T22:45:10+00:00","dateModified":"2025-11-05T11:21:01+00:00","breadcrumb":{"@id":"https:\/\/www.mt.rub.de\/de\/forschung\/#breadcrumb"},"inLanguage":"de","potentialAction":[{"@type":"ReadAction","target":["https:\/\/www.mt.rub.de\/de\/forschung\/"]}]},{"@type":"BreadcrumbList","@id":"https:\/\/www.mt.rub.de\/de\/forschung\/#breadcrumb","itemListElement":[{"@type":"ListItem","position":1,"name":"Home","item":"https:\/\/www.mt.rub.de\/de\/643-2\/"},{"@type":"ListItem","position":2,"name":"Forschung"}]},{"@type":"WebSite","@id":"\/#website","url":"\/","name":"Lehrstuhl f\u00fcr Medizintechnik","description":"Die Internetpr\u00e4senz des Lehrstuhls f\u00fcr Medizintechnik","publisher":{"@id":"\/#organization"},"potentialAction":[{"@type":"SearchAction","target":{"@type":"EntryPoint","urlTemplate":"\/?s={search_term_string}"},"query-input":{"@type":"PropertyValueSpecification","valueRequired":true,"valueName":"search_term_string"}}],"inLanguage":"de"},{"@type":"Organization","@id":"\/#organization","name":"Chair for Medical Engineering","url":"\/","logo":{"@type":"ImageObject","inLanguage":"de","@id":"\/#\/schema\/logo\/image\/","url":"https:\/\/www.mt.rub.de\/wp-content\/uploads\/logos\/cropped-logo_mt.png","contentUrl":"https:\/\/www.mt.rub.de\/wp-content\/uploads\/logos\/cropped-logo_mt.png","width":512,"height":512,"caption":"Chair for Medical Engineering"},"image":{"@id":"\/#\/schema\/logo\/image\/"}}]}},"_links":{"self":[{"href":"https:\/\/www.mt.rub.de\/de\/wp-json\/wp\/v2\/pages\/3415","targetHints":{"allow":["GET"]}}],"collection":[{"href":"https:\/\/www.mt.rub.de\/de\/wp-json\/wp\/v2\/pages"}],"about":[{"href":"https:\/\/www.mt.rub.de\/de\/wp-json\/wp\/v2\/types\/page"}],"author":[{"embeddable":true,"href":"https:\/\/www.mt.rub.de\/de\/wp-json\/wp\/v2\/users\/1"}],"replies":[{"embeddable":true,"href":"https:\/\/www.mt.rub.de\/de\/wp-json\/wp\/v2\/comments?post=3415"}],"version-history":[{"count":42,"href":"https:\/\/www.mt.rub.de\/de\/wp-json\/wp\/v2\/pages\/3415\/revisions"}],"predecessor-version":[{"id":8789,"href":"https:\/\/www.mt.rub.de\/de\/wp-json\/wp\/v2\/pages\/3415\/revisions\/8789"}],"wp:attachment":[{"href":"https:\/\/www.mt.rub.de\/de\/wp-json\/wp\/v2\/media?parent=3415"}],"curies":[{"name":"wp","href":"https:\/\/api.w.org\/{rel}","templated":true}]}}